{"id":11,"date":"2017-09-21T14:07:44","date_gmt":"2017-09-21T18:07:44","guid":{"rendered":"http:\/\/montreal-fish.poudrenoire.home\/?page_id=11"},"modified":"2018-09-05T11:17:12","modified_gmt":"2018-09-05T15:17:12","slug":"certifications","status":"publish","type":"page","link":"https:\/\/mtlfish.ca\/fr\/certifications\/","title":{"rendered":"Certifications"},"content":{"rendered":"","protected":false},"excerpt":{"rendered":"","protected":false},"author":3,"featured_media":0,"parent":0,"menu_order":0,"comment_status":"closed","ping_status":"closed","template":"pages\/page-certifications.php","meta":{"_exactmetrics_skip_tracking":false,"_exactmetrics_sitenote_active":false,"_exactmetrics_sitenote_note":"","_exactmetrics_sitenote_category":0,"footnotes":""},"class_list":["post-11","page","type-page","status-publish","hentry"],"yoast_head":"<!-- This site is optimized with the Yoast SEO plugin v27.0 - https:\/\/yoast.com\/product\/yoast-seo-wordpress\/ -->\n<title>Certifications ASC, BAP, MSC et HACCP - Montreal Fish<\/title>\n<meta name=\"description\" content=\"Les normes de qualit\u00e9, de tra\u00e7abilit\u00e9 et de durabilit\u00e9 sont des \u00e9l\u00e9ments qui orientent les activit\u00e9s de Montreal Fish. D\u00e9couvrez nos certifications.\" \/>\n<meta name=\"robots\" content=\"index, follow, max-snippet:-1, max-image-preview:large, max-video-preview:-1\" \/>\n<link rel=\"canonical\" href=\"https:\/\/mtlfish.ca\/fr\/certifications\/\" \/>\n<meta property=\"og:locale\" content=\"fr_FR\" \/>\n<meta property=\"og:type\" content=\"article\" \/>\n<meta property=\"og:title\" content=\"Certifications ASC, BAP, MSC et HACCP - Montreal Fish\" \/>\n<meta property=\"og:description\" content=\"Les normes de qualit\u00e9, de tra\u00e7abilit\u00e9 et de durabilit\u00e9 sont des \u00e9l\u00e9ments qui orientent les activit\u00e9s de Montreal Fish. D\u00e9couvrez nos certifications.\" \/>\n<meta property=\"og:url\" content=\"https:\/\/mtlfish.ca\/fr\/certifications\/\" \/>\n<meta property=\"og:site_name\" content=\"Montreal Fish\" \/>\n<meta property=\"article:modified_time\" content=\"2018-09-05T15:17:12+00:00\" \/>\n<meta name=\"twitter:card\" content=\"summary_large_image\" \/>\n<script type=\"application\/ld+json\" class=\"yoast-schema-graph\">{\"@context\":\"https:\/\/schema.org\",\"@graph\":[{\"@type\":\"WebPage\",\"@id\":\"https:\/\/mtlfish.ca\/fr\/certifications\/\",\"url\":\"https:\/\/mtlfish.ca\/fr\/certifications\/\",\"name\":\"Certifications ASC, BAP, MSC et HACCP - Montreal Fish\",\"isPartOf\":{\"@id\":\"https:\/\/mtlfish.ca\/fr\/#website\"},\"datePublished\":\"2017-09-21T18:07:44+00:00\",\"dateModified\":\"2018-09-05T15:17:12+00:00\",\"description\":\"Les normes de qualit\u00e9, de tra\u00e7abilit\u00e9 et de durabilit\u00e9 sont des \u00e9l\u00e9ments qui orientent les activit\u00e9s de Montreal Fish. D\u00e9couvrez nos certifications.\",\"breadcrumb\":{\"@id\":\"https:\/\/mtlfish.ca\/fr\/certifications\/#breadcrumb\"},\"inLanguage\":\"fr-FR\",\"potentialAction\":[{\"@type\":\"ReadAction\",\"target\":[\"https:\/\/mtlfish.ca\/fr\/certifications\/\"]}]},{\"@type\":\"BreadcrumbList\",\"@id\":\"https:\/\/mtlfish.ca\/fr\/certifications\/#breadcrumb\",\"itemListElement\":[{\"@type\":\"ListItem\",\"position\":1,\"name\":\"Home\",\"item\":\"https:\/\/mtlfish.ca\/fr\/\"},{\"@type\":\"ListItem\",\"position\":2,\"name\":\"Certifications\"}]},{\"@type\":\"WebSite\",\"@id\":\"https:\/\/mtlfish.ca\/fr\/#website\",\"url\":\"https:\/\/mtlfish.ca\/fr\/\",\"name\":\"Montreal Fish\",\"description\":\"\",\"publisher\":{\"@id\":\"https:\/\/mtlfish.ca\/fr\/#organization\"},\"potentialAction\":[{\"@type\":\"SearchAction\",\"target\":{\"@type\":\"EntryPoint\",\"urlTemplate\":\"https:\/\/mtlfish.ca\/fr\/?s={search_term_string}\"},\"query-input\":{\"@type\":\"PropertyValueSpecification\",\"valueRequired\":true,\"valueName\":\"search_term_string\"}}],\"inLanguage\":\"fr-FR\"},{\"@type\":\"Organization\",\"@id\":\"https:\/\/mtlfish.ca\/fr\/#organization\",\"name\":\"Montreal Fish\",\"url\":\"https:\/\/mtlfish.ca\/fr\/\",\"logo\":{\"@type\":\"ImageObject\",\"inLanguage\":\"fr-FR\",\"@id\":\"https:\/\/mtlfish.ca\/fr\/#\/schema\/logo\/image\/\",\"url\":\"https:\/\/mtlfish.ca\/wp-content\/uploads\/2018\/09\/logo-bleu1.png\",\"contentUrl\":\"https:\/\/mtlfish.ca\/wp-content\/uploads\/2018\/09\/logo-bleu1.png\",\"width\":1920,\"height\":1000,\"caption\":\"Montreal Fish\"},\"image\":{\"@id\":\"https:\/\/mtlfish.ca\/fr\/#\/schema\/logo\/image\/\"}}]}<\/script>\n<!-- \/ Yoast SEO plugin. -->","yoast_head_json":{"title":"Certifications ASC, BAP, MSC et HACCP - Montreal Fish","description":"Les normes de qualit\u00e9, de tra\u00e7abilit\u00e9 et de durabilit\u00e9 sont des \u00e9l\u00e9ments qui orientent les activit\u00e9s de Montreal Fish. D\u00e9couvrez nos certifications.","robots":{"index":"index","follow":"follow","max-snippet":"max-snippet:-1","max-image-preview":"max-image-preview:large","max-video-preview":"max-video-preview:-1"},"canonical":"https:\/\/mtlfish.ca\/fr\/certifications\/","og_locale":"fr_FR","og_type":"article","og_title":"Certifications ASC, BAP, MSC et HACCP - Montreal Fish","og_description":"Les normes de qualit\u00e9, de tra\u00e7abilit\u00e9 et de durabilit\u00e9 sont des \u00e9l\u00e9ments qui orientent les activit\u00e9s de Montreal Fish. D\u00e9couvrez nos certifications.","og_url":"https:\/\/mtlfish.ca\/fr\/certifications\/","og_site_name":"Montreal Fish","article_modified_time":"2018-09-05T15:17:12+00:00","twitter_card":"summary_large_image","schema":{"@context":"https:\/\/schema.org","@graph":[{"@type":"WebPage","@id":"https:\/\/mtlfish.ca\/fr\/certifications\/","url":"https:\/\/mtlfish.ca\/fr\/certifications\/","name":"Certifications ASC, BAP, MSC et HACCP - Montreal Fish","isPartOf":{"@id":"https:\/\/mtlfish.ca\/fr\/#website"},"datePublished":"2017-09-21T18:07:44+00:00","dateModified":"2018-09-05T15:17:12+00:00","description":"Les normes de qualit\u00e9, de tra\u00e7abilit\u00e9 et de durabilit\u00e9 sont des \u00e9l\u00e9ments qui orientent les activit\u00e9s de Montreal Fish. D\u00e9couvrez nos certifications.","breadcrumb":{"@id":"https:\/\/mtlfish.ca\/fr\/certifications\/#breadcrumb"},"inLanguage":"fr-FR","potentialAction":[{"@type":"ReadAction","target":["https:\/\/mtlfish.ca\/fr\/certifications\/"]}]},{"@type":"BreadcrumbList","@id":"https:\/\/mtlfish.ca\/fr\/certifications\/#breadcrumb","itemListElement":[{"@type":"ListItem","position":1,"name":"Home","item":"https:\/\/mtlfish.ca\/fr\/"},{"@type":"ListItem","position":2,"name":"Certifications"}]},{"@type":"WebSite","@id":"https:\/\/mtlfish.ca\/fr\/#website","url":"https:\/\/mtlfish.ca\/fr\/","name":"Montreal Fish","description":"","publisher":{"@id":"https:\/\/mtlfish.ca\/fr\/#organization"},"potentialAction":[{"@type":"SearchAction","target":{"@type":"EntryPoint","urlTemplate":"https:\/\/mtlfish.ca\/fr\/?s={search_term_string}"},"query-input":{"@type":"PropertyValueSpecification","valueRequired":true,"valueName":"search_term_string"}}],"inLanguage":"fr-FR"},{"@type":"Organization","@id":"https:\/\/mtlfish.ca\/fr\/#organization","name":"Montreal Fish","url":"https:\/\/mtlfish.ca\/fr\/","logo":{"@type":"ImageObject","inLanguage":"fr-FR","@id":"https:\/\/mtlfish.ca\/fr\/#\/schema\/logo\/image\/","url":"https:\/\/mtlfish.ca\/wp-content\/uploads\/2018\/09\/logo-bleu1.png","contentUrl":"https:\/\/mtlfish.ca\/wp-content\/uploads\/2018\/09\/logo-bleu1.png","width":1920,"height":1000,"caption":"Montreal Fish"},"image":{"@id":"https:\/\/mtlfish.ca\/fr\/#\/schema\/logo\/image\/"}}]}},"_links":{"self":[{"href":"https:\/\/mtlfish.ca\/fr\/wp-json\/wp\/v2\/pages\/11","targetHints":{"allow":["GET"]}}],"collection":[{"href":"https:\/\/mtlfish.ca\/fr\/wp-json\/wp\/v2\/pages"}],"about":[{"href":"https:\/\/mtlfish.ca\/fr\/wp-json\/wp\/v2\/types\/page"}],"author":[{"embeddable":true,"href":"https:\/\/mtlfish.ca\/fr\/wp-json\/wp\/v2\/users\/3"}],"replies":[{"embeddable":true,"href":"https:\/\/mtlfish.ca\/fr\/wp-json\/wp\/v2\/comments?post=11"}],"version-history":[{"count":1,"href":"https:\/\/mtlfish.ca\/fr\/wp-json\/wp\/v2\/pages\/11\/revisions"}],"predecessor-version":[{"id":12,"href":"https:\/\/mtlfish.ca\/fr\/wp-json\/wp\/v2\/pages\/11\/revisions\/12"}],"wp:attachment":[{"href":"https:\/\/mtlfish.ca\/fr\/wp-json\/wp\/v2\/media?parent=11"}],"curies":[{"name":"wp","href":"https:\/\/api.w.org\/{rel}","templated":true}]}}